{"id":21,"date":"2024-12-03T10:14:12","date_gmt":"2024-12-03T09:14:12","guid":{"rendered":"https:\/\/assessorianegre.com\/?page_id=21"},"modified":"2024-12-30T16:42:30","modified_gmt":"2024-12-30T15:42:30","slug":"aviso-legal","status":"publish","type":"page","link":"https:\/\/assessorianegre.com\/ca\/aviso-legal\/","title":{"rendered":"Av\u00eds legal"},"content":{"rendered":"<p><strong>Informaci\u00f3 de Conformitat amb l&#8217;article 10 de la LSSI<\/strong><\/p>\n<p><strong>\u00a0<\/strong><strong>La titular d&#8217;aquesta web \u00e9s:<\/strong><\/p>\n<p>Identitat: ASSESSORIA I GESTI\u00d3 NEGRE, S.L.P.<br \/>\nNIF: B64223704<br \/>\nAdre\u00e7a: Pla\u00e7a de l\u2019Ajuntament, 3, 1er pis, 08830, Sant Boi de Llobregat (Barcelona)<br \/>\nTel.: 936400982<br \/>\nEmail: info@assessorianegre.com<br \/>\nInscrita al Registre Mercantil de Barcelona<\/p>\n<p>&nbsp;<\/p>\n<p><strong>Condicions d&#8217;\u00fas<\/strong><\/p>\n<p>L&#8217;\u00fas d&#8217;aquest web implica l&#8217;acceptaci\u00f3 plena dels termes i condicions del present av\u00eds legal. Els possibles conflictes relatius a aquest web es regiran exclusivament pel dret de l&#8217;Estat espanyol. Tota persona usu\u00e0ria del web, independentment de la jurisdicci\u00f3 territorial des de la qual es produeixi el seu acc\u00e9s, accepta el compliment i respecte d&#8217;aquestes cl\u00e0usules amb ren\u00fancia expressa a qualsevol altre fur que li pogu\u00e9s correspondre.<\/p>\n<p><strong>Propietat intel\u00b7lectual i industrial<\/strong><\/p>\n<p>La totalitat del contingut d&#8217;aquest lloc web, ja siguin textos, imatges, sons, marques, logotips o altres elements, aix\u00ed com subestructura, disseny, combinacions de colors o forma de presentaci\u00f3 dels materials, estan protegits per drets de propietat industrial i intel\u00b7lectual que l&#8217;usuari d&#8217;aquest lloc web ha de respectar. No \u00e9s l\u00edcita la seva transformaci\u00f3 o alteraci\u00f3, comunicaci\u00f3 p\u00fablica o qualsevol altra forma d&#8217;explotaci\u00f3 per qualsevol procediment sense l&#8217;autoritzaci\u00f3 pr\u00e8via i expressa d\u2019 ASSESSORIA I GESTI\u00d3 NEGRE, S.L.P.<\/p>\n<p><strong>Responsabilitat sobre els continguts<\/strong><\/p>\n<p>Encara que ASSESSORIA I GESTI\u00d3 NEGRE, S.L.P. actua amb la m\u00e0xima dilig\u00e8ncia possible, es pot donar el cas que alguna dada o informaci\u00f3 no estigui del tot actualitzada en el moment que l&#8217;usuari del lloc web el consulti. Per aix\u00f2, les informacions que es presenten en aquesta web tenen una funci\u00f3 orientativa i no obliguen a ASSESSORIA I GESTI\u00d3 NEGRE, S.L.P.<\/p>\n<p>ASSESSORIA I GESTI\u00d3 NEGRE, S.L.P. no \u00e9s responsable de la informaci\u00f3 que es pugui obtenir a trav\u00e9s d&#8217;enlla\u00e7os inclosos en la seva web, d\u2019haver-n\u2019hi.<\/p>\n<p>ASSESSORIA I GESTI\u00d3 NEGRE, S.L.P. es reserva la facultat de realitzar, en qualsevol moment i sense necessitat de preav\u00eds, modificacions o actualitzacions de la informaci\u00f3 i de qualsevol dels elements que integrin el disseny i configuraci\u00f3 de la seva p\u00e0gina web.<\/p>\n<p><strong>Llei aplicable i jurisdicci\u00f3:<\/strong><\/p>\n<p>L&#8217;\u00fas d&#8217;aquest lloc web implica l&#8217;acceptaci\u00f3 plena dels termes i condicions en el present av\u00eds legal. Els possibles conflictes relatius a aquest web es regiran exclusivament per la legislaci\u00f3 espanyola, sent competents els Jutjats i Tribunals de la ciutat de Barcelona (Espanya) per a con\u00e8ixer sobre qualsevol q\u00fcesti\u00f3 que es susciti sobre ella. L&#8217;usuari, en virtut de la seva acceptaci\u00f3, renuncia expressament a qualsevol fur que per aplicaci\u00f3 de la Llei d&#8217;Enjudiciament Civil o d\u2019altres normes -espanyoles o d\u2019altres pa\u00efsos- que li puguin ser d\u2019aplicaci\u00f3, li pogu\u00e9s correspondre.<\/p>\n<p>&nbsp;<\/p>\n","protected":false},"excerpt":{"rendered":"<p>Informaci\u00f3 de Conformitat amb l&#8217;article 10 de la LSSI \u00a0La titular d&#8217;aquesta web \u00e9s: Identitat: ASSESSORIA I GESTI\u00d3 NEGRE, S.L.P. NIF: B64223704 Adre\u00e7a: Pla\u00e7a de l\u2019Ajuntament, 3, 1er pis, 08830, Sant Boi de Llobregat (Barcelona) Tel.: 936400982 Email: info@assessorianegre.com Inscrita al Registre Mercantil de Barcelona &nbsp; Condicions d&#8217;\u00fas L&#8217;\u00fas d&#8217;aquest web implica l&#8217;acceptaci\u00f3 plena dels [&hellip;]<\/p>\n","protected":false},"author":1,"featured_media":0,"parent":0,"menu_order":0,"comment_status":"closed","ping_status":"closed","template":"","meta":{"_et_pb_use_builder":"","_et_pb_old_content":"","_et_gb_content_width":"","footnotes":""},"class_list":["post-21","page","type-page","status-publish","hentry"],"_links":{"self":[{"href":"https:\/\/assessorianegre.com\/ca\/wp-json\/wp\/v2\/pages\/21","targetHints":{"allow":["GET"]}}],"collection":[{"href":"https:\/\/assessorianegre.com\/ca\/wp-json\/wp\/v2\/pages"}],"about":[{"href":"https:\/\/assessorianegre.com\/ca\/wp-json\/wp\/v2\/types\/page"}],"author":[{"embeddable":true,"href":"https:\/\/assessorianegre.com\/ca\/wp-json\/wp\/v2\/users\/1"}],"replies":[{"embeddable":true,"href":"https:\/\/assessorianegre.com\/ca\/wp-json\/wp\/v2\/comments?post=21"}],"version-history":[{"count":3,"href":"https:\/\/assessorianegre.com\/ca\/wp-json\/wp\/v2\/pages\/21\/revisions"}],"predecessor-version":[{"id":330,"href":"https:\/\/assessorianegre.com\/ca\/wp-json\/wp\/v2\/pages\/21\/revisions\/330"}],"wp:attachment":[{"href":"https:\/\/assessorianegre.com\/ca\/wp-json\/wp\/v2\/media?parent=21"}],"curies":[{"name":"wp","href":"https:\/\/api.w.org\/{rel}","templated":true}]}}