{"id":3,"date":"2024-12-02T16:51:15","date_gmt":"2024-12-02T15:51:15","guid":{"rendered":"https:\/\/assessorianegre.com\/?page_id=3"},"modified":"2024-12-30T16:47:47","modified_gmt":"2024-12-30T15:47:47","slug":"politica-privacidad","status":"publish","type":"page","link":"https:\/\/assessorianegre.com\/ca\/politica-privacidad\/","title":{"rendered":"Pol\u00edtica de privacitat"},"content":{"rendered":"<p>En compliment del Reglament (UE) 2016\/679 del Parlament Europeu i del Consell de 27 d\u2019Abril de 2016, relatiu a la protecci\u00f3 de les persones f\u00edsiques pel que fa al tractament de dades personals i a la lliure circulaci\u00f3 d\u2019aquestes dades i a Llei Org\u00e0nica 3\/2018, de 5 de desembre, de Protecci\u00f3 de Dades Personals i garantia dels drets digitals, se l\u2019informa que la dades personals que ens proporcioni a trav\u00e9s d\u2019aquesta web \/\/www.assessorianegre.com (en endavant, la web), seran tractats d\u2019acord amb els seg\u00fcents termes:<\/p>\n<p>ASSESSORIA I GESTI\u00d3 NEGRE, S.L.P. (en endavant, ASSESSORIA I GESTI\u00d3 NEGRE) es compromet a protegir la privacitat dels usuaris que accedeixin a aquesta web i\/o qualsevol dels seus serveis. La utilitzaci\u00f3 de la web i\/o de qualsevol dels serveis oferts per ASSESSORIA I GESTI\u00d3 NEGRE implica l&#8217;acceptaci\u00f3 per l&#8217;usuari de les disposicions contingudes en la present Pol\u00edtica de Privacitat i que les seves dades personals siguin tractades segons s&#8217;estipula en ella. Si us plau, tingui en compte que tot i que hi pugui haver enlla\u00e7os de la nostra web a d\u2019altres webs, aquesta Pol\u00edtica de Privacitat no s&#8217;aplica a les webs d&#8217;altres companyies o organitzacions a les que la web estigui redirigida ASSESSORIA I GESTI\u00d3 NEGRE no controla el contingut de les webs de tercers ni accepta qualsevol responsabilitat pel contingut o les pol\u00edtiques de privacitat d&#8217;aquestes webs.<\/p>\n<p><strong>Informaci\u00f3 sobre el tractament de dades (Reglament (UE) 2016\/679 i LO 3\/2018)<\/strong><\/p>\n<table width=\"643\">\n<tbody>\n<tr>\n<td width=\"151\">Responsable del tractament<\/td>\n<td width=\"491\">ASSESSORIA I GESTI\u00d3 NEGRE, S.L.P.<\/p>\n<p>NIF: B64223704<\/p>\n<p>Adre\u00e7a: Pla\u00e7a de l\u2019Ajuntament, 3, 1er pis, 08830, Sant Boi de Llobregat (Barcelona)<\/p>\n<p>Email: info@assessorianegre.com<\/td>\n<\/tr>\n<tr>\n<td width=\"151\">Finalitat del tractament<\/td>\n<td width=\"491\">Oferir i gestionar els nostres serveis<\/td>\n<\/tr>\n<tr>\n<td width=\"151\">Legitimaci\u00f3<\/td>\n<td width=\"491\">Consentiment obtingut de l\u2019interessat.<\/td>\n<\/tr>\n<tr>\n<td width=\"151\">Destinataris<\/td>\n<td width=\"491\">Les dades no seran comunicades a tercers, llevat que ho exigeixi una llei o sigui necessari per complir amb la finalitat del tractament.<\/td>\n<\/tr>\n<tr>\n<td width=\"151\">Drets de les persones<\/td>\n<td width=\"491\">Els interessats tenen dret a exercir els drets d\u2019acc\u00e9s, rectificaci\u00f3, limitaci\u00f3 de tractament, supressi\u00f3, portabilitat i oposici\u00f3, enviant la seva sol\u00b7licitud a la nostra adre\u00e7a (electr\u00f3nicament o f\u00edsica).<\/td>\n<\/tr>\n<tr>\n<td width=\"151\">Termini de conservaci\u00f3 de les dades<\/td>\n<td width=\"491\">Mentre es mantingui la relaci\u00f3 comercial o durant els anys necessaris per complir amb les obligacions legals.<\/td>\n<\/tr>\n<tr>\n<td width=\"151\">Reclamaci\u00f3<\/td>\n<td width=\"491\">Els interessats es poden dirigir a l\u2019AEPD per presentar la reclamaci\u00f3 que consideri oportuna.<\/td>\n<\/tr>\n<tr>\n<td width=\"151\">Informaci\u00f3 addicional<\/td>\n<td width=\"491\">Pot consultar la informaci\u00f3 addicional i detallada a continuaci\u00f3 a les &#8220;Q\u00fcestions sobre privacitat&#8221;.<\/td>\n<\/tr>\n<\/tbody>\n<\/table>\n<p>&nbsp;<\/p>\n<p><strong><u>Q\u00fcestions sobre privacitat<\/u><\/strong><\/p>\n<p>En compliment del Reglament (UE) 2016\/679 del Parlament Europeu i del Consell, de 27 d&#8217;abril de 2016, (RGPD) i la Llei Org\u00e0nica 3\/2018, de 5 de desembre, de Protecci\u00f3 de Dades Personals i garantia dels drets digitals (LOPDGDD), li oferim la seg\u00fcent informaci\u00f3 sobre el tractament de les seves dades personals:<\/p>\n<p><strong>Qui \u00e9s el responsable del tractament de les seves dades?<\/strong><\/p>\n<p style=\"padding-left: 40px;\">ASSESSORIA I GESTI\u00d3 NEGRE, S.L.P.<\/p>\n<p style=\"padding-left: 40px;\">NIF: B64223704<\/p>\n<p style=\"padding-left: 40px;\">Adre\u00e7a: Pla\u00e7a de l\u2019Ajuntament, 3, 1er pis, 08830, Sant Boi de Llobregat (Barcelona)<\/p>\n<p style=\"padding-left: 40px;\">Email: info@assessorianegre.com<strong><br \/>\n<\/strong><\/p>\n<p><strong>Amb quina finalitat tractem les seves dades personals?<\/strong><\/p>\n<ul>\n<li>Tractem la informaci\u00f3 que se\u2019ns facilita per gestionar els nostres serveis d\u2019assessorament legal i de gesti\u00f3 i intermediaci\u00f3 immobili\u00e0ria.<\/li>\n<li>En el cas que es posi en contacte amb nosaltres mitjan\u00e7ant el formulari de contacte de la nostra p\u00e0gina web, les tractarem per gestionar la seva consulta.<\/li>\n<li>Si ens d\u00f3na el seu consentiment tamb\u00e9 podrem tractar les seves dades per enviar-li informaci\u00f3 sobre les nostres activitats i\/o serveis.<\/li>\n<li>Si ens envia un curr\u00edculum, tractarem les dades amb la finalitat de gestionar la base de CV&#8217;s per a la selecci\u00f3 de personal.<\/li>\n<\/ul>\n<p><strong>\u00a0<\/strong><\/p>\n<p><strong>Per quant de temps conservarem les seves dades?<\/strong><\/p>\n<ul>\n<li>Les dades personals proporcionades es conservaran mentre sigui usuari dels nostres serveis o en vulgui rebre informaci\u00f3, at\u00e8s que pot oposar-se al tractament de les seves dades amb fins promocionals en qualsevol moment, i despr\u00e9s, durant el terminis establerts per complir amb les nostres obligacions legals, que en el cas documentaci\u00f3 comptable i fiscal a efectes mercantils seran 6 anys, de conformitat amb l&#8217;Art. 30 del Codi Comer\u00e7, i als efectes fiscals seran 4 anys, d&#8217;acord amb els articles 66 a 70 de la Llei General Tribut\u00e0ria.<\/li>\n<li>En el cas dels curr\u00edculums les dades es conservaran durant un any.<\/li>\n<\/ul>\n<p><strong>\u00a0<\/strong><\/p>\n<p><strong>Quina \u00e9s la legitimaci\u00f3 per al tractament de les seves dades?<\/strong><\/p>\n<p>La legitimaci\u00f3 per tractar-les es troba en l\u2019execuci\u00f3 del contracte de serveis i en els consentiments que ens d\u00f3na.<\/p>\n<p>Respecte a aquella informaci\u00f3 que sigui remesa per menors de 16 anys, ser\u00e0 requisit imprescindible que es faci amb el consentiment patern, del tutor o del legal representant del menor perqu\u00e8 les dades personals puguin ser objecte de tractament. Si no \u00e9s aix\u00ed, el representant legal del menor ens ho ha de comunicar tan aviat com en tingui coneixement.<\/p>\n<p><strong>\u00a0<\/strong><strong>A quins destinataris es comunicaran les seves dades?<\/strong><\/p>\n<p>Les dades no seran comunicades a tercers, llevat que ho exigeixi una llei o sigui necessari per complir amb la finalitat del tractament.<\/p>\n<p><strong>Quins s\u00f3n els seus drets quan ens facilita les seves dades?<\/strong><\/p>\n<ul>\n<li>Qualsevol persona t\u00e9 dret a obtenir confirmaci\u00f3 sobre si estem tractant o no les seves dades personals.<\/li>\n<li>Les persones interessades tenen dret a accedir a les seves dades personals, aix\u00ed com a sol\u00b7licitar la rectificaci\u00f3 de les dades inexactes o, si escau, sol\u00b7licitar la seva supressi\u00f3 quan, entre d&#8217;altres motius, les dades ja no siguin necess\u00e0ries per a les finalitats per a les que es van recollir.<\/li>\n<li>En determinades circumst\u00e0ncies els interessats podran sol\u00b7licitar la limitaci\u00f3 del tractament de les seves dades, en aquest cas \u00fanicament les conservarem per a l&#8217;exercici o la defensa de reclamacions.<\/li>\n<li>Tamb\u00e9, en determinades circumst\u00e0ncies i per motius relacionats amb la seva situaci\u00f3 particular, els interessats es poden oposar al tractament de les seves dades. En aquest cas deixarem de tractar-les, excepte per motius leg\u00edtims imperiosos o per a l&#8217;exercici o la defensa de possibles reclamacions.<\/li>\n<li>Els interessats tamb\u00e9 tenen dret a la portabilitat de les seves dades.<\/li>\n<li>Qualsevol interessat t\u00e9 dret a no ser objecte d&#8217;una decisi\u00f3 basada \u00fanicament en el tractament automatitzat, inclosa l&#8217;elaboraci\u00f3 de perfils, que produeixi efectes jur\u00eddics que l\u2019afectin o que l\u2019afectin significativament de manera similar.<\/li>\n<li>Finalment, els interessats tenen dret a presentar una reclamaci\u00f3 davant l&#8217;Autoritat de Control competent.<\/li>\n<\/ul>\n<p><strong>Com pot exercir els seus drets? <\/strong><\/p>\n<p>Enviant-nos un escrit adjuntant una c\u00f2pia d\u2019un document que l\u2019identifiqui,\u00a0 a la nostra adre\u00e7a f\u00edsica o a l\u2019electr\u00f2nica.<\/p>\n<p><strong>Com hem obtingut les seves dades?<\/strong><\/p>\n<p>Les dades personals que tractem procedeixen del propi interessat, qui garanteix que les dades personals facilitades s\u00f3n certes i es fa responsable de comunicar-ne qualsevol modificaci\u00f3. Les dades que estiguin marcades amb un asterisc s\u00f3n obligat\u00f2ries per poder donar-li el servei sol\u00b7licitat.<\/p>\n<p><strong>Quines dades tractem?<\/strong><\/p>\n<p>Les categories de dades que\u00a0 podem tractar s\u00f3n:<\/p>\n<ul>\n<li>Dades de car\u00e0cter identificatiu<\/li>\n<li>Adreces postals o electr\u00f2niques<\/li>\n<\/ul>\n<p>En el cas dels curr\u00edculums, tamb\u00e9:<\/p>\n<ul>\n<li>Caracter\u00edstiques personals<\/li>\n<li>Acad\u00e8miques i professional<\/li>\n<\/ul>\n<p>Les dades s\u00f3n limitades, at\u00e8s que \u00fanicament tractem les dades necess\u00e0ries per a la prestaci\u00f3 dels nostres serveis i la gesti\u00f3 de la nostra activitat.<\/p>\n<p><strong>Utilitzem cookies?<\/strong><\/p>\n<p>Utilitzem cookies durant la navegaci\u00f3 a la nostra web amb el consentiment de l\u2019usuari.<\/p>\n<p>L&#8217;usuari pot configurar el seu navegador perqu\u00e8 l&#8217;avisi de la utilitzaci\u00f3 de cookies i per evitar-ne el seu \u00fas. Si us plau, visiti la nostra pol\u00edtica de cookies.<\/p>\n<p><strong>\u00a0<\/strong><strong>Quines mesures de seguretat apliquem?<\/strong><\/p>\n<p>Apliquem les mesures de seguretat establertes a l&#8217;article 32 del RGPD, per tant hem adoptat les mesures de seguretat necess\u00e0ries per garantir un nivell de seguretat adequat al risc del tractament de dades que realitzem, amb mecanismes que ens permeten garantir la confidencialitat, integritat, disponibilitat i resili\u00e8ncia permanent dels sistemes i serveis de tractament.<\/p>\n<p>Algunes d\u2019aquestes mesures s\u00f3n:<\/p>\n<ul>\n<li>Informaci\u00f3 de les pol\u00edtiques de tractament de dades al personal.<\/li>\n<li>Realitzaci\u00f3 de c\u00f2pies de seguretat peri\u00f2diques.<\/li>\n<li>Control d&#8217;acc\u00e9s a les dades.<\/li>\n<li>Processos de verificaci\u00f3, avaluaci\u00f3 i valoraci\u00f3 regulars.<\/li>\n<\/ul>\n<p><strong>\u00a0<\/strong><strong>Com tractem les dades per compte de tercers?<\/strong><\/p>\n<p>Quan en la prestaci\u00f3 dels nostres serveis tractem dades de car\u00e0cter personal de les quals els nostres clients s\u00f3n els responsables, ho fem en qualitat d&#8217;encarregats del tractament, de conformitat amb el que estableix l&#8217;article 28 del RGPD i, per tant,\u00a0 en\u00a0 aquests tractaments de les dades personals:<\/p>\n<ol>\n<li>Tractarem les dades personals \u00fanicament seguint instruccions documentades del responsable, fins i tot en relaci\u00f3 amb les transfer\u00e8ncies de dades personals a un tercer pa\u00eds o a una organitzaci\u00f3 internacional, tret que hi estiguem obligats en virtut del dret de la Uni\u00f3 o dels estats membres al qual estiguem subjectes. En aquest cas, informarem al responsable d&#8217;aquesta exig\u00e8ncia legal pr\u00e8via al tractament, tret que aquest dret ho prohibeixi per raons importants d&#8217;inter\u00e8s p\u00fablic.<\/li>\n<li>Garantim que les persones autoritzades per tractar dades personals s&#8217;han comprom\u00e8s a respectar-ne la confidencialitat.<\/li>\n<li>Hem adoptat totes les mesures de seguretat necess\u00e0ries, de conformitat amb l&#8217;article 32 del RGPD, implantant mecanismes per tal de:<\/li>\n<\/ol>\n<ul>\n<li>Garantir la confidencialitat, integritat, disponibilitat i resili\u00e8ncia permanent dels sistemes i serveis de tractament.<\/li>\n<li>Restaurar la disponibilitat i l&#8217;acc\u00e9s a les dades personals de forma r\u00e0pida, en cas d&#8217;incident f\u00edsic o t\u00e8cnic.<\/li>\n<li>Verificar, avaluar i valorar, de manera regular, l&#8217;efic\u00e0cia de les mesures t\u00e8cniques i organitzatives implantades per garantir la seguretat del tractament.<\/li>\n<li>Pseudonimitzar i xifrar les dades personals, si s&#8217;escau.<\/li>\n<\/ul>\n<ol>\n<li>Respectarem les condicions indicades en els apartats 2 i 4 de l\u2019article 28 del RGPD per rec\u00f3rrer a un altre encarregat del tractament.<\/li>\n<li>Assistirem al responsable, sempre que sigui possible, d\u2019acord amb la naturalesa\u00a0 del tractament i mitjan\u00e7ant les mesures t\u00e8cniques i organitzatives adequades, perqu\u00e8 pugui complir amb l\u2019obligaci\u00f3 de respondre les sol\u00b7licituds que tinguin per objecte l&#8217;exercici dels drets dels interessats establerts en el cap\u00edtol III del RGPD.<\/li>\n<li>Ajudarem el responsable a garantir el compliment de les obligacions que sobre seguretat de les dades estableixen els articles 32 a 36 del RGPD, tenint en compte la naturalesa del tractament i la informaci\u00f3 posada a la nostra disposici\u00f3.<\/li>\n<li>A elecci\u00f3 del responsable, suprimirem o retornarem totes les dades personals un cop finalitzi la prestaci\u00f3 dels serveis de tractament i suprimirem les c\u00f2pies existents llevat que es requereixi la conservaci\u00f3 de les dades personals en virtut del Dret de la Uni\u00f3 o dels Estats membres.<\/li>\n<li>Posarem a disposici\u00f3 del responsable tota la informaci\u00f3 necess\u00e0ria per demostrar el compliment de les obligacions establertes en l&#8217;art. 28 del RGPD, aix\u00ed com per a permetre i contribuir a la realitzaci\u00f3 d&#8217;auditories, incloses inspeccions, per part del responsable o d&#8217;un altre auditor autoritzat per aquest responsable.<\/li>\n<\/ol>\n<p>Com a encarregats del tractament la tipologia de dades, la categoria d\u2019interessats i els tractaments que podrem realitzar per compte dels nostres clients seran els seg\u00fcents:<\/p>\n<ul>\n<li>Tipus de dades personals que podem tractar:\n<ul>\n<li>Dades de car\u00e0cter identificatiu<\/li>\n<li>Adreces postals o electr\u00f2niques<\/li>\n<li>Informaci\u00f3 comercial<\/li>\n<li>Transaccions de b\u00e9ns i serveis<\/li>\n<\/ul>\n<\/li>\n<li>Categoria d\u2019interessats afectats:\n<ul>\n<li>Clients<\/li>\n<li>Prove\u00efdors<\/li>\n<li>Personal<\/li>\n<\/ul>\n<\/li>\n<li><strong>\u00a0<\/strong>Tractaments de dades que podrem realitzar:\n<ul>\n<li>Acc\u00e9s a dades<\/li>\n<li>Recollida<\/li>\n<li>Elaboraci\u00f3<\/li>\n<li>Modificaci\u00f3<\/li>\n<li>Emmagatzematge<\/li>\n<li>An\u00e0lisi<\/li>\n<li>Incorporaci\u00f3 a documentaci\u00f3<\/li>\n<li>Conservaci\u00f3<\/li>\n<li>Comunicaci\u00f3 per transmissi\u00f3<\/li>\n<\/ul>\n<\/li>\n<\/ul>\n<p>&nbsp;<\/p>\n","protected":false},"excerpt":{"rendered":"<p>En compliment del Reglament (UE) 2016\/679 del Parlament Europeu i del Consell de 27 d\u2019Abril de 2016, relatiu a la protecci\u00f3 de les persones f\u00edsiques pel que fa al tractament de dades personals i a la lliure circulaci\u00f3 d\u2019aquestes dades i a Llei Org\u00e0nica 3\/2018, de 5 de desembre, de Protecci\u00f3 de Dades Personals i [&hellip;]<\/p>\n","protected":false},"author":1,"featured_media":0,"parent":0,"menu_order":0,"comment_status":"closed","ping_status":"closed","template":"","meta":{"_et_pb_use_builder":"","_et_pb_old_content":"","_et_gb_content_width":"","footnotes":""},"class_list":["post-3","page","type-page","status-publish","hentry"],"_links":{"self":[{"href":"https:\/\/assessorianegre.com\/ca\/wp-json\/wp\/v2\/pages\/3","targetHints":{"allow":["GET"]}}],"collection":[{"href":"https:\/\/assessorianegre.com\/ca\/wp-json\/wp\/v2\/pages"}],"about":[{"href":"https:\/\/assessorianegre.com\/ca\/wp-json\/wp\/v2\/types\/page"}],"author":[{"embeddable":true,"href":"https:\/\/assessorianegre.com\/ca\/wp-json\/wp\/v2\/users\/1"}],"replies":[{"embeddable":true,"href":"https:\/\/assessorianegre.com\/ca\/wp-json\/wp\/v2\/comments?post=3"}],"version-history":[{"count":4,"href":"https:\/\/assessorianegre.com\/ca\/wp-json\/wp\/v2\/pages\/3\/revisions"}],"predecessor-version":[{"id":333,"href":"https:\/\/assessorianegre.com\/ca\/wp-json\/wp\/v2\/pages\/3\/revisions\/333"}],"wp:attachment":[{"href":"https:\/\/assessorianegre.com\/ca\/wp-json\/wp\/v2\/media?parent=3"}],"curies":[{"name":"wp","href":"https:\/\/api.w.org\/{rel}","templated":true}]}}