{"id":417,"date":"2024-12-11T12:46:03","date_gmt":"2024-12-11T11:46:03","guid":{"rendered":"https:\/\/assessorianegre.com\/assessorament-legal-i-compliance\/"},"modified":"2025-06-16T12:08:40","modified_gmt":"2025-06-16T10:08:40","slug":"assessorament-legal-i-compliance","status":"publish","type":"page","link":"https:\/\/assessorianegre.com\/ca\/assessorament-legal-i-compliance\/","title":{"rendered":"Assessorament legal i Compliance"},"content":{"rendered":"<p>[et_pb_section fb_built=&#8221;1&#8243; admin_label=&#8221;Hero&#8221; _builder_version=&#8221;4.27.4&#8243; background_color=&#8221;#084666&#8243; use_background_color_gradient=&#8221;on&#8221; background_color_gradient_direction=&#8221;170deg&#8221; background_color_gradient_stops=&#8221;#002e4f 1%|rgba(8,70,102,0.8) 100%&#8221; background_color_gradient_overlays_image=&#8221;on&#8221; background_color_gradient_start=&#8221;#002e4f&#8221; background_color_gradient_start_position=&#8221;1%&#8221; background_color_gradient_end=&#8221;rgba(8,70,102,0.8)&#8221; background_image=&#8221;https:\/\/assessorianegre.com\/wp-content\/uploads\/2024\/12\/Inmo_2-scaled.jpg&#8221; min_height=&#8221;100px&#8221; height=&#8221;100px&#8221; max_height=&#8221;650px&#8221; custom_padding=&#8221;20px||133px|||&#8221; global_colors_info=&#8221;{}&#8221;][et_pb_row _builder_version=&#8221;4.27.4&#8243; background_size=&#8221;initial&#8221; background_position=&#8221;top_left&#8221; background_repeat=&#8221;repeat&#8221; custom_padding=&#8221;27px|0px|27px|0px|false|false&#8221; global_colors_info=&#8221;{}&#8221;][et_pb_column type=&#8221;4_4&#8243; _builder_version=&#8221;4.16&#8243; custom_padding=&#8221;|||&#8221; global_colors_info=&#8221;{}&#8221; custom_padding__hover=&#8221;|||&#8221;][et_pb_text _builder_version=&#8221;4.27.4&#8243; _module_preset=&#8221;default&#8221; header_font=&#8221;Open Sans||||||||&#8221; header_text_color=&#8221;#FFFFFF&#8221; header_font_size=&#8221;50px&#8221; global_colors_info=&#8221;{}&#8221;]<\/p>\n<h1>Assessorament legal \/ Compliance<\/h1>\n<p>[\/et_pb_text][\/et_pb_column][\/et_pb_row][\/et_pb_section][et_pb_section fb_built=&#8221;1&#8243; _builder_version=&#8221;4.27.4&#8243; _module_preset=&#8221;default&#8221; custom_padding=&#8221;41px||14px|||&#8221; global_colors_info=&#8221;{}&#8221;][et_pb_row _builder_version=&#8221;4.27.4&#8243; _module_preset=&#8221;default&#8221; global_colors_info=&#8221;{}&#8221;][et_pb_column type=&#8221;4_4&#8243; _builder_version=&#8221;4.27.4&#8243; _module_preset=&#8221;default&#8221; global_colors_info=&#8221;{}&#8221;][et_pb_text _builder_version=&#8221;4.27.4&#8243; _module_preset=&#8221;default&#8221; global_colors_info=&#8221;{}&#8221;]<\/p>\n<h2>Necessiteu assessorament legal o en mat\u00e8ria de Compliance?<\/h2>\n<p>[\/et_pb_text][\/et_pb_column][\/et_pb_row][et_pb_row column_structure=&#8221;1_2,1_2&#8243; _builder_version=&#8221;4.27.4&#8243; _module_preset=&#8221;default&#8221; global_colors_info=&#8221;{}&#8221;][et_pb_column type=&#8221;1_2&#8243; _builder_version=&#8221;4.27.4&#8243; _module_preset=&#8221;default&#8221; global_colors_info=&#8221;{}&#8221;][et_pb_image src=&#8221;https:\/\/assessorianegre.com\/wp-content\/uploads\/2025\/02\/Assessoria-Negre-Complianze.jpg&#8221; title_text=&#8221;Inmo_5&#8243; _builder_version=&#8221;4.27.4&#8243; _module_preset=&#8221;default&#8221; box_shadow_style=&#8221;preset3&#8243; global_colors_info=&#8221;{}&#8221;][\/et_pb_image][\/et_pb_column][et_pb_column type=&#8221;1_2&#8243; _builder_version=&#8221;4.27.4&#8243; _module_preset=&#8221;default&#8221; global_colors_info=&#8221;{}&#8221;][et_pb_text _builder_version=&#8221;4.27.4&#8243; text_font=&#8221;||||||||&#8221; text_font_size=&#8221;16px&#8221; text_line_height=&#8221;1.8em&#8221; header_font=&#8221;Open Sans|800|||||||&#8221; header_font_size=&#8221;60px&#8221; header_line_height=&#8221;1.3em&#8221; background_color=&#8221;RGBA(255,255,255,0)&#8221; background_size=&#8221;initial&#8221; background_position=&#8221;top_left&#8221; background_repeat=&#8221;repeat&#8221; max_width=&#8221;600px&#8221; custom_margin=&#8221;|||&#8221; custom_margin_tablet=&#8221;|100px||&#8221; custom_margin_phone=&#8221;|30px||&#8221; custom_margin_last_edited=&#8221;off|desktop&#8221; header_font_size_tablet=&#8221;50px&#8221; header_font_size_phone=&#8221;40px&#8221; header_font_size_last_edited=&#8221;on|phone&#8221; header_line_height_tablet=&#8221;&#8221; header_line_height_phone=&#8221;&#8221; header_line_height_last_edited=&#8221;on|desktop&#8221; global_colors_info=&#8221;{}&#8221;]<\/p>\n<p>Comptar amb un assessorament legal especialitzat \u00e9s fonamental per garantir l\u2019\u00e8xit i la seguretat jur\u00eddica de qualsevol activitat o negoci, aix\u00ed com per anticipar i prevenir possibles conflictes futurs. Actualment, tant particulars com empreses s\u2019enfronten a un gran nombre de tr\u00e0mits i gestions legals que, sense el suport adequat, poden suposar una inversi\u00f3 important de temps i recursos. <\/p>\n<p>A Assessoria i Gesti\u00f3 Negre, S.L.P., posem a la seva disposici\u00f3 un servei integral de suport legal perqu\u00e8 vost\u00e8 i la seva empresa pugueu centrar-vos en el desenvolupament i creixement del vostre negoci, delegant en professionals la gesti\u00f3 de totes les q\u00fcestions jur\u00eddiques. <\/p>\n<p>[\/et_pb_text][\/et_pb_column][\/et_pb_row][et_pb_row _builder_version=&#8221;4.27.4&#8243; _module_preset=&#8221;default&#8221; global_colors_info=&#8221;{}&#8221;][et_pb_column type=&#8221;4_4&#8243; _builder_version=&#8221;4.27.4&#8243; _module_preset=&#8221;default&#8221; global_colors_info=&#8221;{}&#8221;][et_pb_text _builder_version=&#8221;4.27.4&#8243; _module_preset=&#8221;default&#8221; text_font_size=&#8221;16px&#8221; text_line_height=&#8221;1.8em&#8221; global_colors_info=&#8221;{}&#8221;]<\/p>\n<p>A m\u00e9s, hem incorporat a la nostra cartera de serveis l\u2019assessorament en compliment normatiu (\u201cCompliance\u201d), avalats per una s\u00f2lida formaci\u00f3 i experi\u00e8ncia en la mat\u00e8ria. El compliance s\u2019ha convertit en un element clau per a aquelles organitzacions que volen consolidar una cultura \u00e8tica i desenvolupar la seva activitat dins del marc legal vigent. <\/p>\n<p class=\"gmail-my-0\">Disposar d\u2019un programa de compliance efica\u00e7 no nom\u00e9s permet prevenir conductes il\u00b7l\u00edcites dins de l\u2019empresa, sin\u00f3 que, en el context de la responsabilitat penal de les persones jur\u00eddiques a Espanya, pot ser determinant per eximir o atenuar aquesta responsabilitat. Un sistema de compliment ben implantat actua com una veritable \u201cvacuna\u201d davant riscos legals i reputacionals, aportant seguretat i confian\u00e7a tant a la direcci\u00f3 com a tots els membres de l\u2019organitzaci\u00f3. <\/p>\n<p class=\"gmail-my-0\">A Assessoria i Gesti\u00f3 Negre, S.L.P., l\u2019ajudem a dissenyar, implementar i avaluar programes de compliance adaptats a les caracter\u00edstiques i necessitats de la seva empresa, contribuint aix\u00ed a enfortir la seva posici\u00f3 com a \u201cbon ciutad\u00e0 corporatiu\u201d i a garantir el compliment efectiu de la legalitat.<\/p>\n<p>[\/et_pb_text][\/et_pb_column][\/et_pb_row][\/et_pb_section][et_pb_section fb_built=&#8221;1&#8243; _builder_version=&#8221;4.27.4&#8243; _module_preset=&#8221;default&#8221; custom_padding=&#8221;||0px|||&#8221; top_divider_style=&#8221;arrow2&#8243; top_divider_color=&#8221;#A2B0C1&#8243; top_divider_height=&#8221;56px&#8221; global_colors_info=&#8221;{}&#8221;][et_pb_row _builder_version=&#8221;4.27.4&#8243; _module_preset=&#8221;default&#8221; global_colors_info=&#8221;{}&#8221;][et_pb_column type=&#8221;4_4&#8243; _builder_version=&#8221;4.27.4&#8243; _module_preset=&#8221;default&#8221; global_colors_info=&#8221;{}&#8221;][et_pb_text _builder_version=&#8221;4.27.4&#8243; _module_preset=&#8221;default&#8221; global_colors_info=&#8221;{}&#8221;]<\/p>\n<h2>Serveis:<\/h2>\n<p>[\/et_pb_text][\/et_pb_column][\/et_pb_row][et_pb_row _builder_version=&#8221;4.27.4&#8243; _module_preset=&#8221;default&#8221; global_colors_info=&#8221;{}&#8221;][et_pb_column type=&#8221;4_4&#8243; _builder_version=&#8221;4.27.4&#8243; _module_preset=&#8221;default&#8221; global_colors_info=&#8221;{}&#8221;][et_pb_text _builder_version=&#8221;4.27.4&#8243; _module_preset=&#8221;default&#8221; text_font_size=&#8221;16px&#8221; hover_enabled=&#8221;0&#8243; global_colors_info=&#8221;{}&#8221; sticky_enabled=&#8221;0&#8243;]<\/p>\n<p><strong>Assessorament legal general a empreses i particulars:<\/strong><\/p>\n<ul>\n<li style=\"list-style-type: none;\">\n<ul>\n<li>Redacci\u00f3 i revisi\u00f3 de tota mena de contractes mercantils: confidencialitat, MTA&#8217;s (Material Transfer Agreements), distribuci\u00f3, R+D, prestaci\u00f3 de serveis, etc.<\/li>\n<li>Constituci\u00f3 de societats i internacionalitzaci\u00f3 &#8211; constituci\u00f3 de filials a l&#8217;estranger en col\u00b7laboraci\u00f3 amb advocats locals<\/li>\n<li>Creaci\u00f3 de models o plantilles de contractes amb la finalitat d&#8217;ajudar els nostres clients a simplificar certes gestions i tr\u00e0mits recurrents del dia a dia<\/li>\n<li>Formaci\u00f3 legal interna a empreses<\/li>\n<\/ul>\n<\/li>\n<\/ul>\n<p><strong> Compliance:<\/strong><\/p>\n<ul>\n<li style=\"list-style-type: none;\">\n<ul>\n<li>Redacci\u00f3 i revisi\u00f3 de codis \u00e8tics\/de conducta<\/li>\n<li>Formaci\u00f3 interna a treballadors<\/li>\n<li>Redacci\u00f3 de pol\u00edtiques internes (Compliance penal)<\/li>\n<li>Canal de den\u00fancies<\/li>\n<\/ul>\n<\/li>\n<\/ul>\n<p><span> A trav\u00e9s de<strong> <a href=\"https:\/\/notarity.com\/es\/como-funciona\/\" target=\"_blank\" rel=\"noopener\">Notarity<\/a><\/strong>, oferim als nostres clients la possibilitat de connectar-se amb un notiario p\u00fablic mitjan\u00e7ant una videotrucada per a obtenir para obtenir documents <\/span>notaritzats i postil\u00b7lats<span> de forma totalment digital. <\/span> <\/p>\n<p>A m\u00e9s, podem fer tots aquests serveis en idioma angl\u00e8s.<\/p>\n<p>[\/et_pb_text][\/et_pb_column][\/et_pb_row][\/et_pb_section][et_pb_section fb_built=&#8221;1&#8243; prev_background_color=&#8221;#ffffff&#8221; _builder_version=&#8221;4.27.4&#8243; _module_preset=&#8221;default&#8221; background_color=&#8221;#A2B0C1&#8243; custom_padding=&#8221;87px|||||&#8221; top_divider_style=&#8221;arrow2&#8243; top_divider_height=&#8221;46px&#8221; global_module=&#8221;606&#8243; global_colors_info=&#8221;{}&#8221;][et_pb_row column_structure=&#8221;1_2,1_2&#8243; _builder_version=&#8221;4.27.4&#8243; _module_preset=&#8221;default&#8221; global_colors_info=&#8221;{}&#8221;][et_pb_column type=&#8221;1_2&#8243; _builder_version=&#8221;4.27.4&#8243; _module_preset=&#8221;default&#8221; global_colors_info=&#8221;{}&#8221;][et_pb_image src=&#8221;https:\/\/assessorianegre.com\/wp-content\/uploads\/2024\/12\/contacte-negrehome.jpg&#8221; _builder_version=&#8221;4.27.4&#8243; _module_preset=&#8221;default&#8221; border_radii=&#8221;on|10px|10px|10px|10px&#8221; box_shadow_style=&#8221;preset2&#8243; box_shadow_horizontal=&#8221;16px&#8221; box_shadow_vertical=&#8221;16px&#8221; box_shadow_color=&#8221;rgba(0,0,0,0.72)&#8221; global_colors_info=&#8221;{}&#8221;][\/et_pb_image][\/et_pb_column][et_pb_column type=&#8221;1_2&#8243; _builder_version=&#8221;4.27.4&#8243; _module_preset=&#8221;default&#8221; global_colors_info=&#8221;{}&#8221;][et_pb_text _builder_version=&#8221;4.27.4&#8243; _module_preset=&#8221;default&#8221; background_layout=&#8221;dark&#8221; custom_padding=&#8221;21px|||||&#8221; global_colors_info=&#8221;{}&#8221;]<\/p>\n<div class=\"elementor-element elementor-element-c380aa1 elementor-widget elementor-widget-heading\" data-id=\"c380aa1\" data-element_type=\"widget\" data-widget_type=\"heading.default\">\n<div class=\"elementor-widget-container\">\n<h1 class=\"elementor-heading-title elementor-size-default\">T\u00e9 algun dubte?<\/h1>\n<p>&nbsp;<\/p>\n<\/div>\n<\/div>\n<div class=\"elementor-element elementor-element-3d0e182f elementor-widget elementor-widget-text-editor\" data-id=\"3d0e182f\" data-element_type=\"widget\" data-widget_type=\"text-editor.default\">\n<div class=\"elementor-widget-container\">\n<div class=\"elementor-text-editor elementor-clearfix\">\n<h3>Estarem encantats d&#8217;atendre&#8217;l!<\/h3>\n<\/div>\n<\/div>\n<\/div>\n<p>[\/et_pb_text][et_pb_blurb use_icon=&#8221;on&#8221; font_icon=&#8221;&#xf03d;||fa||900&#8243; icon_color=&#8221;#FFFFFF&#8221; icon_placement=&#8221;left&#8221; image_icon_width=&#8221;27px&#8221; _builder_version=&#8221;4.27.4&#8243; _module_preset=&#8221;default&#8221; background_layout=&#8221;dark&#8221; global_colors_info=&#8221;{}&#8221;]<\/p>\n<p><span>Possibilitat de reunir-nos en videoconfer\u00e8ncia<\/span><\/p>\n<p>[\/et_pb_blurb][et_pb_blurb use_icon=&#8221;on&#8221; font_icon=&#8221;&#xf1ab;||fa||900&#8243; icon_color=&#8221;#FFFFFF&#8221; icon_placement=&#8221;left&#8221; image_icon_width=&#8221;27px&#8221; _builder_version=&#8221;4.27.4&#8243; _module_preset=&#8221;default&#8221; background_layout=&#8221;dark&#8221; global_colors_info=&#8221;{}&#8221;]<\/p>\n<p><span>We speak English<\/span><\/p>\n<p>[\/et_pb_blurb][et_pb_button button_url=&#8221;@ET-DC@eyJkeW5hbWljIjp0cnVlLCJjb250ZW50IjoicG9zdF9saW5rX3VybF9wYWdlIiwic2V0dGluZ3MiOnsicG9zdF9pZCI6IjE4IiwiZW5hYmxlX2h0bWwiOiJvZmYifX0=@&#8221; button_text=&#8221;CONTACTE&#8221; button_alignment=&#8221;center&#8221; _builder_version=&#8221;4.27.4&#8243; _dynamic_attributes=&#8221;button_url&#8221; _module_preset=&#8221;default&#8221; custom_button=&#8221;on&#8221; button_text_color=&#8221;#FFFFFF&#8221; button_icon=&#8221;&#x24;||divi||400&#8243; global_colors_info=&#8221;{}&#8221;][\/et_pb_button][\/et_pb_column][\/et_pb_row][\/et_pb_section]<\/p>\n","protected":false},"excerpt":{"rendered":"<p>Assessorament legal \/ ComplianceNecessiteu assessorament legal o en mat\u00e8ria de Compliance?Comptar amb un assessorament legal especialitzat \u00e9s fonamental per garantir l\u2019\u00e8xit i la seguretat jur\u00eddica de qualsevol activitat o negoci, aix\u00ed com per anticipar i prevenir possibles conflictes futurs. Actualment, tant particulars com empreses s\u2019enfronten a un gran nombre de tr\u00e0mits i gestions legals que, [&hellip;]<\/p>\n","protected":false},"author":1,"featured_media":0,"parent":0,"menu_order":0,"comment_status":"closed","ping_status":"closed","template":"","meta":{"_et_pb_use_builder":"on","_et_pb_old_content":"","_et_gb_content_width":"","footnotes":""},"class_list":["post-417","page","type-page","status-publish","hentry"],"_links":{"self":[{"href":"https:\/\/assessorianegre.com\/ca\/wp-json\/wp\/v2\/pages\/417","targetHints":{"allow":["GET"]}}],"collection":[{"href":"https:\/\/assessorianegre.com\/ca\/wp-json\/wp\/v2\/pages"}],"about":[{"href":"https:\/\/assessorianegre.com\/ca\/wp-json\/wp\/v2\/types\/page"}],"author":[{"embeddable":true,"href":"https:\/\/assessorianegre.com\/ca\/wp-json\/wp\/v2\/users\/1"}],"replies":[{"embeddable":true,"href":"https:\/\/assessorianegre.com\/ca\/wp-json\/wp\/v2\/comments?post=417"}],"version-history":[{"count":22,"href":"https:\/\/assessorianegre.com\/ca\/wp-json\/wp\/v2\/pages\/417\/revisions"}],"predecessor-version":[{"id":659,"href":"https:\/\/assessorianegre.com\/ca\/wp-json\/wp\/v2\/pages\/417\/revisions\/659"}],"wp:attachment":[{"href":"https:\/\/assessorianegre.com\/ca\/wp-json\/wp\/v2\/media?parent=417"}],"curies":[{"name":"wp","href":"https:\/\/api.w.org\/{rel}","templated":true}]}}